{"id":19,"date":"2009-07-31T15:37:35","date_gmt":"2009-07-31T13:37:35","guid":{"rendered":"http:\/\/www.dalahorse.info\/jarnahorse\/?page_id=19"},"modified":"2023-08-07T12:03:01","modified_gmt":"2023-08-07T10:03:01","slug":"jarnahasten-swe","status":"publish","type":"page","link":"http:\/\/www.dalahorse.info\/jarnahorse\/?page_id=19","title":{"rendered":"J\u00e4rnah\u00e4sten"},"content":{"rendered":"<h2><img decoding=\"async\" loading=\"lazy\" class=\"size-full wp-image-102 aligncenter\" title=\"P3190150\" src=\"http:\/\/www.dalahorse.info\/jarnahorse\/wp-content\/uploads\/2009\/07\/P3190150.JPG\" alt=\"P3190150\" width=\"650\" height=\"486\" srcset=\"http:\/\/www.dalahorse.info\/jarnahorse\/wp-content\/uploads\/2009\/07\/P3190150.JPG 650w, http:\/\/www.dalahorse.info\/jarnahorse\/wp-content\/uploads\/2009\/07\/P3190150-300x224.jpg 300w, http:\/\/www.dalahorse.info\/jarnahorse\/wp-content\/uploads\/2009\/07\/P3190150-1024x766.jpg 1024w\" sizes=\"(max-width: 650px) 100vw, 650px\" \/>Dalah\u00e4st med gamla anor<\/h2>\n<p>Min hobby \u00e4r att t\u00e4lja tr\u00e4h\u00e4star. Intresset baserar sig p\u00e5 min morfars ber\u00e4ttelse om den tr\u00e4h\u00e4st som han fick redan 1882 och som han lyckades f\u00e5 med sig ut ur torpet vid en eldsv\u00e5da n\u00e4r han var fyra \u00e5r. Historien och tragedin kring denna h\u00e4ndelse f\u00f6r familjen har ber\u00e4ttats f\u00f6r mig sen jag var liten. Detta har lett fram till att jag ville g\u00f6ra denna j\u00e4rnah\u00e4st till minne och heder av g\u00e5ngna generationer och till gl\u00e4dje f\u00f6r kommande.<\/p>\n<p>J\u00e4rnah\u00e4sten t\u00e4ljs i Dala-J\u00e4rna i begr\u00e4nsad och signerad upplaga. Den finns i olika storlekar och f\u00e4rger.<\/p>\n<p>Designer och t\u00e4ljare \u00e4r G\u00f6ran Samuelsson och den m\u00e5lade utsmyckningen \u00e4r gjord av Marjatta Thor\u00e9n och Siv Samuelsson.<\/p>\n","protected":false},"excerpt":{"rendered":"<p>Dalah\u00e4st med gamla anor Min hobby \u00e4r att t\u00e4lja tr\u00e4h\u00e4star. Intresset baserar sig p\u00e5 min morfars ber\u00e4ttelse om den tr\u00e4h\u00e4st<\/p>\n<p><a href=\"http:\/\/www.dalahorse.info\/jarnahorse\/?page_id=19\" class=\"more-link\">Continue reading<span class=\"screen-reader-text\">J\u00e4rnah\u00e4sten<\/span><\/a><\/p>\n","protected":false},"author":2,"featured_media":0,"parent":0,"menu_order":0,"comment_status":"open","ping_status":"open","template":"","meta":[],"_links":{"self":[{"href":"http:\/\/www.dalahorse.info\/jarnahorse\/index.php?rest_route=\/wp\/v2\/pages\/19"}],"collection":[{"href":"http:\/\/www.dalahorse.info\/jarnahorse\/index.php?rest_route=\/wp\/v2\/pages"}],"about":[{"href":"http:\/\/www.dalahorse.info\/jarnahorse\/index.php?rest_route=\/wp\/v2\/types\/page"}],"author":[{"embeddable":true,"href":"http:\/\/www.dalahorse.info\/jarnahorse\/index.php?rest_route=\/wp\/v2\/users\/2"}],"replies":[{"embeddable":true,"href":"http:\/\/www.dalahorse.info\/jarnahorse\/index.php?rest_route=%2Fwp%2Fv2%2Fcomments&post=19"}],"version-history":[{"count":13,"href":"http:\/\/www.dalahorse.info\/jarnahorse\/index.php?rest_route=\/wp\/v2\/pages\/19\/revisions"}],"predecessor-version":[{"id":153,"href":"http:\/\/www.dalahorse.info\/jarnahorse\/index.php?rest_route=\/wp\/v2\/pages\/19\/revisions\/153"}],"wp:attachment":[{"href":"http:\/\/www.dalahorse.info\/jarnahorse\/index.php?rest_route=%2Fwp%2Fv2%2Fmedia&parent=19"}],"curies":[{"name":"wp","href":"https:\/\/api.w.org\/{rel}","templated":true}]}}