{"id":137,"date":"2009-08-17T22:54:40","date_gmt":"2009-08-17T20:54:40","guid":{"rendered":"http:\/\/www.dalahorse.info\/jarnahorse\/?page_id=137"},"modified":"2009-08-17T22:54:40","modified_gmt":"2009-08-17T20:54:40","slug":"eldfamne-swedish-viking-horse","status":"publish","type":"page","link":"http:\/\/www.dalahorse.info\/jarnahorse\/?page_id=137","title":{"rendered":"Eldfamne, Swedish Viking Horse"},"content":{"rendered":"<h2><img decoding=\"async\" loading=\"lazy\" class=\"size-full wp-image-138 aligncenter\" title=\"P5150177\" src=\"http:\/\/www.dalahorse.info\/jarnahorse\/wp-content\/uploads\/2009\/08\/P5150177.JPG\" alt=\"P5150177\" width=\"650\" height=\"452\" srcset=\"http:\/\/www.dalahorse.info\/jarnahorse\/wp-content\/uploads\/2009\/08\/P5150177.JPG 650w, http:\/\/www.dalahorse.info\/jarnahorse\/wp-content\/uploads\/2009\/08\/P5150177-300x208.jpg 300w, http:\/\/www.dalahorse.info\/jarnahorse\/wp-content\/uploads\/2009\/08\/P5150177-1024x713.jpg 1024w\" sizes=\"(max-width: 650px) 100vw, 650px\" \/><\/h2>\n<h2>Vikingaskatt<\/h2>\n<p>I Dala-J\u00e4rna hittades \u00e5r 1871 en vikingatida silverskatt , insvept i tyg och n\u00e4ver. Olars Anders Johansson p\u00e5tr\u00e4ffade skatten vid uppr\u00f6jning av mark i sl\u00e4nten ned mot Hul\u00e5str\u00f6mmen i byn \u00a0Sk\u00e5l\u00f6.<\/p>\n<p>Skatten bestod av en armbygel, bitar av halsringar m.m. samt ca 450 silvermynt. Mynten h\u00e4rr\u00f6r fr\u00e5n bl.a Arabien, England, Tyskland, Danmark samt Sigtuna. De \u00e4ldsta var fr\u00e5n 700 talet och de yngsta fr\u00e5n 1000 talet. Armringen av silver \u00e4r av samma typ som hittats p\u00e5 Gotland. St\u00f6rsta delen av skatten finns i dag p\u00e5 Nordiska Muse\u00e9t.<\/p>\n<p>Dala-J\u00e4rna har allts\u00e5 vikingar\u00f6tter och nu \u00e4ven vikingah\u00e4sten\u00a0 ELDFAMNE.<\/p>\n<p>\u00a0<\/p>\n<p><strong><em>\u00a0<\/em><\/strong><\/p>\n<p><strong>\u00a0<\/strong><\/p>\n<p><strong>\u00a0<\/strong><\/p>\n","protected":false},"excerpt":{"rendered":"<p>Vikingaskatt I Dala-J\u00e4rna hittades \u00e5r 1871 en vikingatida silverskatt , insvept i tyg och n\u00e4ver. Olars Anders Johansson p\u00e5tr\u00e4ffade skatten<\/p>\n<p><a href=\"http:\/\/www.dalahorse.info\/jarnahorse\/?page_id=137\" class=\"more-link\">Continue reading<span class=\"screen-reader-text\">Eldfamne, Swedish Viking Horse<\/span><\/a><\/p>\n","protected":false},"author":2,"featured_media":0,"parent":0,"menu_order":0,"comment_status":"open","ping_status":"open","template":"","meta":[],"_links":{"self":[{"href":"http:\/\/www.dalahorse.info\/jarnahorse\/index.php?rest_route=\/wp\/v2\/pages\/137"}],"collection":[{"href":"http:\/\/www.dalahorse.info\/jarnahorse\/index.php?rest_route=\/wp\/v2\/pages"}],"about":[{"href":"http:\/\/www.dalahorse.info\/jarnahorse\/index.php?rest_route=\/wp\/v2\/types\/page"}],"author":[{"embeddable":true,"href":"http:\/\/www.dalahorse.info\/jarnahorse\/index.php?rest_route=\/wp\/v2\/users\/2"}],"replies":[{"embeddable":true,"href":"http:\/\/www.dalahorse.info\/jarnahorse\/index.php?rest_route=%2Fwp%2Fv2%2Fcomments&post=137"}],"version-history":[{"count":3,"href":"http:\/\/www.dalahorse.info\/jarnahorse\/index.php?rest_route=\/wp\/v2\/pages\/137\/revisions"}],"predecessor-version":[{"id":141,"href":"http:\/\/www.dalahorse.info\/jarnahorse\/index.php?rest_route=\/wp\/v2\/pages\/137\/revisions\/141"}],"wp:attachment":[{"href":"http:\/\/www.dalahorse.info\/jarnahorse\/index.php?rest_route=%2Fwp%2Fv2%2Fmedia&parent=137"}],"curies":[{"name":"wp","href":"https:\/\/api.w.org\/{rel}","templated":true}]}}