{"id":133,"date":"2009-08-17T16:46:24","date_gmt":"2009-08-17T14:46:24","guid":{"rendered":"http:\/\/www.dalahorse.info\/jarnahorse\/?page_id=133"},"modified":"2023-08-07T12:02:39","modified_gmt":"2023-08-07T10:02:39","slug":"bork-haxbara","status":"publish","type":"page","link":"http:\/\/www.dalahorse.info\/jarnahorse\/?page_id=133","title":{"rendered":"Bork, h\u00e4xb\u00e4ra"},"content":{"rendered":"<p><img decoding=\"async\" loading=\"lazy\" class=\" wp-image-134 aligncenter\" title=\"Bork 2\" src=\"http:\/\/www.dalahorse.info\/jarnahorse\/wp-content\/uploads\/2009\/08\/Bork-23-300x182.jpg\" alt=\"Bork 2\" width=\"518\" height=\"314\" \/><\/p>\n<p>Vid en r\u00e4tteg\u00e5ng i Mora \u00e5r 1669 uppdagades ett n\u00e4ste med 70 h\u00e4xor. Tjugotre av kvinnorna fr\u00e5n Mora bek\u00e4nde, blev halshuggna och br\u00e4nda p\u00e5 b\u00e5l. De andra 47 skickades till Falun d\u00e4r de senare halsh\u00f6ggs och br\u00e4ndes. Under r\u00e4tteg\u00e5ngen i Mora skrev f\u00f6rsamlingens prost Elavus Andre Skragge, som satt med i kommissionen att de anklagade anv\u00e4nde &#8220;b\u00e4ror&#8221; sm\u00e5 magiska f\u00f6rem\u00e5l i form av djur &#8220;tj\u00e4nsteandar&#8221; som utf\u00f6rde dj\u00e4vulens g\u00e4rningar. *I Bl\u00e5kulla erh\u00f6llo h\u00e4xorna b\u00e4ror av satan. Av protokoll fr\u00e5n 1600 talet som behandlar h\u00e4xprocessen i Dalarna, ans\u00e5gs h\u00e4xorna \u00e4ga &#8220;trenne b\u00e4ror&#8221;, en vit , en svart och en r\u00f6d, stora som kattor&#8221;.<\/p>\n<p>L\u00e4nsmannen i Mora p\u00e5stod ungef\u00e4r samtidigt att det var satan som delade ut b\u00e4ror till barn och kallade dessa f\u00f6r &#8220;sm\u00e5 h\u00e4star&#8221;<\/p>\n<p>Vid en predikan av biskop Johannes Rudbeckius i V\u00e4ster\u00e5s \u00e5r 1624, rasar han mot all fl\u00e4rd som saluf\u00f6rs p\u00e5 marknaden och som inte tj\u00e4nar till annat \u00e4n h\u00f6gf\u00e4rd, synd och ogudaktighet. T.ex. kort, t\u00e4rningar, spelpipor, dockor, tr\u00e4h\u00e4star, \u00e4lskogsvisor, narra m\u00e5lningar och mera s\u00e5nt.<\/p>\n<p>*Nordisk familjebok\/Uggleuppl.4.Brant-Cesti.\u00a0\u00a0 \u00d6vrigt:\u00a0 Dalah\u00e4sten , Anne Marie R\u00e5dstr\u00f6m 1991<\/p>\n","protected":false},"excerpt":{"rendered":"<p>Vid en r\u00e4tteg\u00e5ng i Mora \u00e5r 1669 uppdagades ett n\u00e4ste med 70 h\u00e4xor. Tjugotre av kvinnorna fr\u00e5n Mora bek\u00e4nde, blev<\/p>\n<p><a href=\"http:\/\/www.dalahorse.info\/jarnahorse\/?page_id=133\" class=\"more-link\">Continue reading<span class=\"screen-reader-text\">Bork, h\u00e4xb\u00e4ra<\/span><\/a><\/p>\n","protected":false},"author":2,"featured_media":0,"parent":0,"menu_order":0,"comment_status":"open","ping_status":"open","template":"","meta":[],"_links":{"self":[{"href":"http:\/\/www.dalahorse.info\/jarnahorse\/index.php?rest_route=\/wp\/v2\/pages\/133"}],"collection":[{"href":"http:\/\/www.dalahorse.info\/jarnahorse\/index.php?rest_route=\/wp\/v2\/pages"}],"about":[{"href":"http:\/\/www.dalahorse.info\/jarnahorse\/index.php?rest_route=\/wp\/v2\/types\/page"}],"author":[{"embeddable":true,"href":"http:\/\/www.dalahorse.info\/jarnahorse\/index.php?rest_route=\/wp\/v2\/users\/2"}],"replies":[{"embeddable":true,"href":"http:\/\/www.dalahorse.info\/jarnahorse\/index.php?rest_route=%2Fwp%2Fv2%2Fcomments&post=133"}],"version-history":[{"count":3,"href":"http:\/\/www.dalahorse.info\/jarnahorse\/index.php?rest_route=\/wp\/v2\/pages\/133\/revisions"}],"predecessor-version":[{"id":152,"href":"http:\/\/www.dalahorse.info\/jarnahorse\/index.php?rest_route=\/wp\/v2\/pages\/133\/revisions\/152"}],"wp:attachment":[{"href":"http:\/\/www.dalahorse.info\/jarnahorse\/index.php?rest_route=%2Fwp%2Fv2%2Fmedia&parent=133"}],"curies":[{"name":"wp","href":"https:\/\/api.w.org\/{rel}","templated":true}]}}